{"id":650,"date":"2021-05-19T14:51:57","date_gmt":"2021-05-19T12:51:57","guid":{"rendered":"https:\/\/www.arthotel-bremen.de\/?page_id=650"},"modified":"2023-07-23T07:55:30","modified_gmt":"2023-07-23T05:55:30","slug":"fahrraeder","status":"publish","type":"page","link":"https:\/\/www.hotel-hanseatic-bremen.de\/en\/unsere-leistungen\/fahrraeder\/","title":{"rendered":"Bikes"},"content":{"rendered":"<div style=\"height:100px\" aria-hidden=\"true\" class=\"wp-block-spacer\"><\/div>\n\n\n\n<p>In unserem Haus gibt es leider keine Fahrradabstellm\u00f6glichkeiten.<br>In direkter N\u00e4he zum Hotel befindet sich das Fahrradparkhaus Am Dom. <br>Das Fahrradparkhaus Am Dom liegt zentral im unmittelbarer N\u00e4he zum St. Petri-Dom und der Bremer Altstadt. <br>Hier k\u00f6nnen Sie Ihr Fahrrad auf einem von 90 Stellpl\u00e4tzen kostenfrei abstellen.\u00a0<br>Adresse:<br>Fahrradparkhaus Am Dom<\/strong>(bicycle parking facility).<br>Wilhadistr. 1<br>28195 Bremen<\/p>\n\n\n\n<div style=\"height:100px\" aria-hidden=\"true\" class=\"wp-block-spacer\"><\/div>","protected":false},"excerpt":{"rendered":"<p>In unserem Haus gibt es leider keine Fahrradabstellm\u00f6glichkeiten.In direkter N\u00e4he zum Hotel befindet sich das Fahrradparkhaus Am Dom. Das Fahrradparkhaus Am Dom liegt zentral im unmittelbarer N\u00e4he zum St. Petri-Dom &#8230; <\/p>\n<div class=\"text-center\"><a class=\"more-link\" href=\"https:\/\/www.hotel-hanseatic-bremen.de\/en\/unsere-leistungen\/fahrraeder\/\">Mehr erfahren <i class=\"fa fa-angle-double-right\"><\/i><\/a><\/div>","protected":false},"author":1,"featured_media":701,"parent":283,"menu_order":0,"comment_status":"closed","ping_status":"closed","template":"templates\/template-service.php","meta":[],"_links":{"self":[{"href":"https:\/\/www.hotel-hanseatic-bremen.de\/en\/wp-json\/wp\/v2\/pages\/650"}],"collection":[{"href":"https:\/\/www.hotel-hanseatic-bremen.de\/en\/wp-json\/wp\/v2\/pages"}],"about":[{"href":"https:\/\/www.hotel-hanseatic-bremen.de\/en\/wp-json\/wp\/v2\/types\/page"}],"author":[{"embeddable":true,"href":"https:\/\/www.hotel-hanseatic-bremen.de\/en\/wp-json\/wp\/v2\/users\/1"}],"replies":[{"embeddable":true,"href":"https:\/\/www.hotel-hanseatic-bremen.de\/en\/wp-json\/wp\/v2\/comments?post=650"}],"version-history":[{"count":4,"href":"https:\/\/www.hotel-hanseatic-bremen.de\/en\/wp-json\/wp\/v2\/pages\/650\/revisions"}],"predecessor-version":[{"id":975,"href":"https:\/\/www.hotel-hanseatic-bremen.de\/en\/wp-json\/wp\/v2\/pages\/650\/revisions\/975"}],"up":[{"embeddable":true,"href":"https:\/\/www.hotel-hanseatic-bremen.de\/en\/wp-json\/wp\/v2\/pages\/283"}],"wp:featuredmedia":[{"embeddable":true,"href":"https:\/\/www.hotel-hanseatic-bremen.de\/en\/wp-json\/wp\/v2\/media\/701"}],"wp:attachment":[{"href":"https:\/\/www.hotel-hanseatic-bremen.de\/en\/wp-json\/wp\/v2\/media?parent=650"}],"curies":[{"name":"wp","href":"https:\/\/api.w.org\/{rel}","templated":true}]}}