{"id":283,"date":"2019-07-08T17:37:57","date_gmt":"2019-07-08T15:37:57","guid":{"rendered":"https:\/\/www.arthotel-bremen.de\/?page_id=283"},"modified":"2019-07-09T12:56:53","modified_gmt":"2019-07-09T10:56:53","slug":"unsere-leistungen","status":"publish","type":"page","link":"https:\/\/www.hotel-hanseatic-bremen.de\/en\/unsere-leistungen\/","title":{"rendered":"Leistungen"},"content":{"rendered":"<p>Hier ist Kunst keine Dekoration, sondern Konzept! <br>Neben neu eingerichteten, k\u00fcnstlerisch gestalteten Hotelzimmern mit W-Lan und hochwertigen Boxspringbetten verf\u00fcgt das artHotel Bremen \u00fcber die hauseigene Kunstgalerie artbeat24, die den Hotelg\u00e4sten jederzeit zur Besichtigung offensteht! Unsere Hotelbar ist der ideale Ort, um sich nach einen anstrengendem Tag unterwegs zu erholen und in geselliger Runde den Tag ausklingen zu lassen.   <br>Bereichern Sie Ihren Aufenthalt um ein einzigARTiges Kunsterlebnis in ruhiger City-Randlage. Das artHotel Bremen bietet au\u00dferdem kostenlose Parkm\u00f6glichkeiten,  Unterstellm\u00f6glichkeiten f\u00fcr Fahrr\u00e4der, eine schnelle Anbindung an die A1 und die N\u00e4he zum Weserstadion. <\/p>\n\n\n<div class=\"pt-cv-wrapper\"><div class=\"pt-cv-view pt-cv-grid pt-cv-colsys\" id=\"pt-cv-view-3de9c61xnq\"><div data-id=\"pt-cv-page-1\" class=\"pt-cv-page\" data-cvc=\"3\"><div class=\"col-md-4 col-sm-4 col-xs-12 pt-cv-content-item pt-cv-1-col\" ><div class='pt-cv-ifield'><a href=\"https:\/\/www.hotel-hanseatic-bremen.de\/en\/unsere-leistungen\/bar\/\" class=\"_self pt-cv-href-thumbnail pt-cv-thumb-default\" target=\"_self\"><img width=\"300\" height=\"250\" src=\"https:\/\/www.hotel-hanseatic-bremen.de\/wp-content\/uploads\/2021\/12\/service_01-300x250.jpg\" class=\"pt-cv-thumbnail\" alt=\"\" loading=\"lazy\" srcset=\"https:\/\/www.hotel-hanseatic-bremen.de\/wp-content\/uploads\/2021\/12\/service_01-300x250.jpg 300w, https:\/\/www.hotel-hanseatic-bremen.de\/wp-content\/uploads\/2021\/12\/service_01-768x640.jpg 768w, https:\/\/www.hotel-hanseatic-bremen.de\/wp-content\/uploads\/2021\/12\/service_01-14x12.jpg 14w, https:\/\/www.hotel-hanseatic-bremen.de\/wp-content\/uploads\/2021\/12\/service_01.jpg 900w\" sizes=\"(max-width: 300px) 100vw, 300px\" \/><\/a>\n<h4 class=\"pt-cv-title\"><a href=\"https:\/\/www.hotel-hanseatic-bremen.de\/en\/unsere-leistungen\/bar\/\" class=\"_self\" target=\"_self\">Drinks<\/a><\/h4>\n<div class=\"pt-cv-content\">Es steht Ihnen in der Lobby der gut gef\u00fcllte Getr\u00e4nkek\u00fchlschrank (Selbstbedienung) in der Lobby zur Verf\u00fcgung ...<br \/><a href=\"https:\/\/www.hotel-hanseatic-bremen.de\/en\/unsere-leistungen\/bar\/\" class=\"_self pt-cv-readmore btn btn-success\" target=\"_self\">Weiterlesen \u2026<\/a><\/div><\/div><\/div><\/div><\/div><\/div>\n\n\n\n<p><\/p>","protected":false},"excerpt":{"rendered":"<p>Hier ist Kunst keine Dekoration, sondern Konzept! Neben neu eingerichteten, k\u00fcnstlerisch gestalteten Hotelzimmern mit W-Lan und hochwertigen Boxspringbetten verf\u00fcgt das artHotel Bremen \u00fcber die hauseigene Kunstgalerie artbeat24, die den Hotelg\u00e4sten &#8230; <\/p>\n<div class=\"text-center\"><a class=\"more-link\" href=\"https:\/\/www.hotel-hanseatic-bremen.de\/en\/unsere-leistungen\/\">Mehr erfahren <i class=\"fa fa-angle-double-right\"><\/i><\/a><\/div>","protected":false},"author":1,"featured_media":0,"parent":0,"menu_order":0,"comment_status":"closed","ping_status":"closed","template":"","meta":[],"_links":{"self":[{"href":"https:\/\/www.hotel-hanseatic-bremen.de\/en\/wp-json\/wp\/v2\/pages\/283"}],"collection":[{"href":"https:\/\/www.hotel-hanseatic-bremen.de\/en\/wp-json\/wp\/v2\/pages"}],"about":[{"href":"https:\/\/www.hotel-hanseatic-bremen.de\/en\/wp-json\/wp\/v2\/types\/page"}],"author":[{"embeddable":true,"href":"https:\/\/www.hotel-hanseatic-bremen.de\/en\/wp-json\/wp\/v2\/users\/1"}],"replies":[{"embeddable":true,"href":"https:\/\/www.hotel-hanseatic-bremen.de\/en\/wp-json\/wp\/v2\/comments?post=283"}],"version-history":[{"count":7,"href":"https:\/\/www.hotel-hanseatic-bremen.de\/en\/wp-json\/wp\/v2\/pages\/283\/revisions"}],"predecessor-version":[{"id":388,"href":"https:\/\/www.hotel-hanseatic-bremen.de\/en\/wp-json\/wp\/v2\/pages\/283\/revisions\/388"}],"wp:attachment":[{"href":"https:\/\/www.hotel-hanseatic-bremen.de\/en\/wp-json\/wp\/v2\/media?parent=283"}],"curies":[{"name":"wp","href":"https:\/\/api.w.org\/{rel}","templated":true}]}}